{"id":7902,"date":"2021-02-12T16:22:30","date_gmt":"2021-02-12T16:22:30","guid":{"rendered":"http:\/\/192.168.1.78:8000\/product\/cold-packed-sage-honey-copy\/"},"modified":"2026-04-06T02:16:06","modified_gmt":"2026-04-06T08:16:06","slug":"miel-multiflora","status":"publish","type":"product","link":"https:\/\/colmenafuertemiel.com\/en\/productos\/miel-multiflora\/","title":{"rendered":"Miel Multiflora Cubeta"},"content":{"rendered":"<p>Miel multiflora &#8211; Cultivada en el estado de Yucat\u00e1n<br \/>\nDe la riqueza natural de la pen\u00ednsula, zona tropical, donde abunda la siguiente floraci\u00f3n: TAHONAL, TS\u2019IITS\u2019ILCHE, CHAK\u00c1AN, HA\u2019ABIM, XA\u2019AN, HUANA, PUKTE\u2019, TSALAM, adem\u00e1s de otras variedades silvestres de cada temporada.<\/p>","protected":false},"excerpt":{"rendered":"<p>Cultivada en el estado de Yucat\u00e1n.<br \/>\nDe la riqueza natural de la pen\u00ednsula, zona tropical, donde abunda la siguiente floraci\u00f3n: TAHONAL, TS\u2019IITS\u2019ILCHE, CHAK\u00c1AN, HA\u2019ABIM, XA\u2019AN, HUANA, PUKTE\u2019, TSALAM, adem\u00e1s de otras variedades silvestres de cada temporada.<\/p>","protected":false},"featured_media":10271,"comment_status":"open","ping_status":"closed","template":"","meta":{"ngg_post_thumbnail":0},"pwb-brand":[],"product_brand":[],"product_cat":[78,64],"product_tag":[80],"class_list":{"0":"post-7902","1":"product","2":"type-product","3":"status-publish","4":"has-post-thumbnail","6":"product_cat-miel","7":"product_cat-miel-multiflora","8":"product_tag-miel","10":"first","11":"instock","12":"featured","13":"shipping-taxable","14":"purchasable","15":"product-type-variable"},"yoast_head":"<!-- This site is optimized with the Yoast SEO plugin v27.2 - https:\/\/yoast.com\/product\/yoast-seo-wordpress\/ -->\n<title>Miel Multiflora Cubeta - Colmena Fuerte Miel<\/title>\n<meta name=\"description\" content=\"Cultivada en el estado de Yucat\u00e1nDe la riqueza natural de la pen\u00ednsula, zona tropical, donde abunda la siguiente floraci\u00f3n: TAHONAL, TS\u2019IITS\u2019ILCHE, CHAK\u00c1AN, HA\u2019ABIM, XA\u2019AN, HUANA, PUKTE\u2019, TSALAM, adem\u00e1s de otras variedades silvestres de cada temporada\" \/>\n<meta name=\"robots\" content=\"index, follow, max-snippet:-1, max-image-preview:large, max-video-preview:-1\" \/>\n<link rel=\"canonical\" href=\"https:\/\/colmenafuertemiel.com\/en\/productos\/miel-multiflora\/\" \/>\n<meta property=\"og:locale\" content=\"en_US\" \/>\n<meta property=\"og:type\" content=\"article\" \/>\n<meta property=\"og:title\" content=\"Miel Multiflora Cubeta - Colmena Fuerte Miel\" \/>\n<meta property=\"og:description\" content=\"Cultivada en el estado de Yucat\u00e1nDe la riqueza natural de la pen\u00ednsula, zona tropical, donde abunda la siguiente floraci\u00f3n: TAHONAL, TS\u2019IITS\u2019ILCHE, CHAK\u00c1AN, HA\u2019ABIM, XA\u2019AN, HUANA, PUKTE\u2019, TSALAM, adem\u00e1s de otras variedades silvestres de cada temporada\" \/>\n<meta property=\"og:url\" content=\"https:\/\/colmenafuertemiel.com\/en\/productos\/miel-multiflora\/\" \/>\n<meta property=\"og:site_name\" content=\"Colmena Fuerte Miel\" \/>\n<meta property=\"article:modified_time\" content=\"2026-04-06T08:16:06+00:00\" \/>\n<meta property=\"og:image\" content=\"https:\/\/i0.wp.com\/colmenafuertemiel.com\/wp-content\/uploads\/2021\/02\/CUBETAS-multiflora-1.png?fit=1000%2C1000&ssl=1\" \/>\n\t<meta property=\"og:image:width\" content=\"1000\" \/>\n\t<meta property=\"og:image:height\" content=\"1000\" \/>\n\t<meta property=\"og:image:type\" content=\"image\/png\" \/>\n<meta name=\"twitter:card\" content=\"summary_large_image\" \/>\n<meta name=\"twitter:label1\" content=\"Est. reading time\" \/>\n\t<meta name=\"twitter:data1\" content=\"1 minute\" \/>\n<script type=\"application\/ld+json\" class=\"yoast-schema-graph\">{\"@context\":\"https:\/\/schema.org\",\"@graph\":[{\"@type\":\"WebPage\",\"@id\":\"https:\/\/colmenafuertemiel.com\/productos\/miel-multiflora\/\",\"url\":\"https:\/\/colmenafuertemiel.com\/productos\/miel-multiflora\/\",\"name\":\"Miel Multiflora Cubeta - Colmena Fuerte Miel\",\"isPartOf\":{\"@id\":\"https:\/\/colmenafuertemiel.com\/#website\"},\"primaryImageOfPage\":{\"@id\":\"https:\/\/colmenafuertemiel.com\/productos\/miel-multiflora\/#primaryimage\"},\"image\":{\"@id\":\"https:\/\/colmenafuertemiel.com\/productos\/miel-multiflora\/#primaryimage\"},\"thumbnailUrl\":\"https:\/\/i0.wp.com\/colmenafuertemiel.com\/wp-content\/uploads\/2021\/02\/CUBETAS-multiflora-1.png?fit=1000%2C1000&ssl=1\",\"datePublished\":\"2021-02-12T16:22:30+00:00\",\"dateModified\":\"2026-04-06T08:16:06+00:00\",\"description\":\"Cultivada en el estado de Yucat\u00e1nDe la riqueza natural de la pen\u00ednsula, zona tropical, donde abunda la siguiente floraci\u00f3n: TAHONAL, TS\u2019IITS\u2019ILCHE, CHAK\u00c1AN, HA\u2019ABIM, XA\u2019AN, HUANA, PUKTE\u2019, TSALAM, adem\u00e1s de otras variedades silvestres de cada temporada\",\"breadcrumb\":{\"@id\":\"https:\/\/colmenafuertemiel.com\/productos\/miel-multiflora\/#breadcrumb\"},\"inLanguage\":\"en-US\",\"potentialAction\":[{\"@type\":\"ReadAction\",\"target\":[\"https:\/\/colmenafuertemiel.com\/productos\/miel-multiflora\/\"]}]},{\"@type\":\"ImageObject\",\"inLanguage\":\"en-US\",\"@id\":\"https:\/\/colmenafuertemiel.com\/productos\/miel-multiflora\/#primaryimage\",\"url\":\"https:\/\/i0.wp.com\/colmenafuertemiel.com\/wp-content\/uploads\/2021\/02\/CUBETAS-multiflora-1.png?fit=1000%2C1000&ssl=1\",\"contentUrl\":\"https:\/\/i0.wp.com\/colmenafuertemiel.com\/wp-content\/uploads\/2021\/02\/CUBETAS-multiflora-1.png?fit=1000%2C1000&ssl=1\",\"width\":1000,\"height\":1000},{\"@type\":\"BreadcrumbList\",\"@id\":\"https:\/\/colmenafuertemiel.com\/productos\/miel-multiflora\/#breadcrumb\",\"itemListElement\":[{\"@type\":\"ListItem\",\"position\":1,\"name\":\"Inicio\",\"item\":\"https:\/\/colmenafuertemiel.com\/\"},{\"@type\":\"ListItem\",\"position\":2,\"name\":\"Productos\",\"item\":\"https:\/\/colmenafuertemiel.com\/productos\/\"},{\"@type\":\"ListItem\",\"position\":3,\"name\":\"Miel Multiflora Cubeta\"}]},{\"@type\":\"WebSite\",\"@id\":\"https:\/\/colmenafuertemiel.com\/#website\",\"url\":\"https:\/\/colmenafuertemiel.com\/\",\"name\":\"Colmena Fuerte Miel\",\"description\":\"Lo m\u00e1s dulce de la vida\",\"publisher\":{\"@id\":\"https:\/\/colmenafuertemiel.com\/#organization\"},\"potentialAction\":[{\"@type\":\"SearchAction\",\"target\":{\"@type\":\"EntryPoint\",\"urlTemplate\":\"https:\/\/colmenafuertemiel.com\/?s={search_term_string}\"},\"query-input\":{\"@type\":\"PropertyValueSpecification\",\"valueRequired\":true,\"valueName\":\"search_term_string\"}}],\"inLanguage\":\"en-US\"},{\"@type\":\"Organization\",\"@id\":\"https:\/\/colmenafuertemiel.com\/#organization\",\"name\":\"Colmena Fuerte Miel\",\"url\":\"https:\/\/colmenafuertemiel.com\/\",\"logo\":{\"@type\":\"ImageObject\",\"inLanguage\":\"en-US\",\"@id\":\"https:\/\/colmenafuertemiel.com\/#\/schema\/logo\/image\/\",\"url\":\"https:\/\/i0.wp.com\/colmenafuertemiel.com\/wp-content\/uploads\/2023\/04\/cropped-cropped-LOGO-COMPLETO.png?fit=1161%2C686&ssl=1\",\"contentUrl\":\"https:\/\/i0.wp.com\/colmenafuertemiel.com\/wp-content\/uploads\/2023\/04\/cropped-cropped-LOGO-COMPLETO.png?fit=1161%2C686&ssl=1\",\"width\":1161,\"height\":686,\"caption\":\"Colmena Fuerte Miel\"},\"image\":{\"@id\":\"https:\/\/colmenafuertemiel.com\/#\/schema\/logo\/image\/\"}}]}<\/script>\n<!-- \/ Yoast SEO plugin. -->","yoast_head_json":{"title":"Miel Multiflora Cubeta - Colmena Fuerte Miel","description":"Cultivada en el estado de Yucat\u00e1nDe la riqueza natural de la pen\u00ednsula, zona tropical, donde abunda la siguiente floraci\u00f3n: TAHONAL, TS\u2019IITS\u2019ILCHE, CHAK\u00c1AN, HA\u2019ABIM, XA\u2019AN, HUANA, PUKTE\u2019, TSALAM, adem\u00e1s de otras variedades silvestres de cada temporada","robots":{"index":"index","follow":"follow","max-snippet":"max-snippet:-1","max-image-preview":"max-image-preview:large","max-video-preview":"max-video-preview:-1"},"canonical":"https:\/\/colmenafuertemiel.com\/en\/productos\/miel-multiflora\/","og_locale":"en_US","og_type":"article","og_title":"Miel Multiflora Cubeta - Colmena Fuerte Miel","og_description":"Cultivada en el estado de Yucat\u00e1nDe la riqueza natural de la pen\u00ednsula, zona tropical, donde abunda la siguiente floraci\u00f3n: TAHONAL, TS\u2019IITS\u2019ILCHE, CHAK\u00c1AN, HA\u2019ABIM, XA\u2019AN, HUANA, PUKTE\u2019, TSALAM, adem\u00e1s de otras variedades silvestres de cada temporada","og_url":"https:\/\/colmenafuertemiel.com\/en\/productos\/miel-multiflora\/","og_site_name":"Colmena Fuerte Miel","article_modified_time":"2026-04-06T08:16:06+00:00","og_image":[{"width":1000,"height":1000,"url":"https:\/\/i0.wp.com\/colmenafuertemiel.com\/wp-content\/uploads\/2021\/02\/CUBETAS-multiflora-1.png?fit=1000%2C1000&ssl=1","type":"image\/png"}],"twitter_card":"summary_large_image","twitter_misc":{"Est. reading time":"1 minute"},"schema":{"@context":"https:\/\/schema.org","@graph":[{"@type":"WebPage","@id":"https:\/\/colmenafuertemiel.com\/productos\/miel-multiflora\/","url":"https:\/\/colmenafuertemiel.com\/productos\/miel-multiflora\/","name":"Miel Multiflora Cubeta - Colmena Fuerte Miel","isPartOf":{"@id":"https:\/\/colmenafuertemiel.com\/#website"},"primaryImageOfPage":{"@id":"https:\/\/colmenafuertemiel.com\/productos\/miel-multiflora\/#primaryimage"},"image":{"@id":"https:\/\/colmenafuertemiel.com\/productos\/miel-multiflora\/#primaryimage"},"thumbnailUrl":"https:\/\/i0.wp.com\/colmenafuertemiel.com\/wp-content\/uploads\/2021\/02\/CUBETAS-multiflora-1.png?fit=1000%2C1000&ssl=1","datePublished":"2021-02-12T16:22:30+00:00","dateModified":"2026-04-06T08:16:06+00:00","description":"Cultivada en el estado de Yucat\u00e1nDe la riqueza natural de la pen\u00ednsula, zona tropical, donde abunda la siguiente floraci\u00f3n: TAHONAL, TS\u2019IITS\u2019ILCHE, CHAK\u00c1AN, HA\u2019ABIM, XA\u2019AN, HUANA, PUKTE\u2019, TSALAM, adem\u00e1s de otras variedades silvestres de cada temporada","breadcrumb":{"@id":"https:\/\/colmenafuertemiel.com\/productos\/miel-multiflora\/#breadcrumb"},"inLanguage":"en-US","potentialAction":[{"@type":"ReadAction","target":["https:\/\/colmenafuertemiel.com\/productos\/miel-multiflora\/"]}]},{"@type":"ImageObject","inLanguage":"en-US","@id":"https:\/\/colmenafuertemiel.com\/productos\/miel-multiflora\/#primaryimage","url":"https:\/\/i0.wp.com\/colmenafuertemiel.com\/wp-content\/uploads\/2021\/02\/CUBETAS-multiflora-1.png?fit=1000%2C1000&ssl=1","contentUrl":"https:\/\/i0.wp.com\/colmenafuertemiel.com\/wp-content\/uploads\/2021\/02\/CUBETAS-multiflora-1.png?fit=1000%2C1000&ssl=1","width":1000,"height":1000},{"@type":"BreadcrumbList","@id":"https:\/\/colmenafuertemiel.com\/productos\/miel-multiflora\/#breadcrumb","itemListElement":[{"@type":"ListItem","position":1,"name":"Inicio","item":"https:\/\/colmenafuertemiel.com\/"},{"@type":"ListItem","position":2,"name":"Productos","item":"https:\/\/colmenafuertemiel.com\/productos\/"},{"@type":"ListItem","position":3,"name":"Miel Multiflora Cubeta"}]},{"@type":"WebSite","@id":"https:\/\/colmenafuertemiel.com\/#website","url":"https:\/\/colmenafuertemiel.com\/","name":"Colmena Fuerte Miel","description":"Lo m\u00e1s dulce de la vida","publisher":{"@id":"https:\/\/colmenafuertemiel.com\/#organization"},"potentialAction":[{"@type":"SearchAction","target":{"@type":"EntryPoint","urlTemplate":"https:\/\/colmenafuertemiel.com\/?s={search_term_string}"},"query-input":{"@type":"PropertyValueSpecification","valueRequired":true,"valueName":"search_term_string"}}],"inLanguage":"en-US"},{"@type":"Organization","@id":"https:\/\/colmenafuertemiel.com\/#organization","name":"Colmena Fuerte Miel","url":"https:\/\/colmenafuertemiel.com\/","logo":{"@type":"ImageObject","inLanguage":"en-US","@id":"https:\/\/colmenafuertemiel.com\/#\/schema\/logo\/image\/","url":"https:\/\/i0.wp.com\/colmenafuertemiel.com\/wp-content\/uploads\/2023\/04\/cropped-cropped-LOGO-COMPLETO.png?fit=1161%2C686&ssl=1","contentUrl":"https:\/\/i0.wp.com\/colmenafuertemiel.com\/wp-content\/uploads\/2023\/04\/cropped-cropped-LOGO-COMPLETO.png?fit=1161%2C686&ssl=1","width":1161,"height":686,"caption":"Colmena Fuerte Miel"},"image":{"@id":"https:\/\/colmenafuertemiel.com\/#\/schema\/logo\/image\/"}}]}},"jetpack-related-posts":[],"jetpack_sharing_enabled":true,"brands":[],"_links":{"self":[{"href":"https:\/\/colmenafuertemiel.com\/en\/wp-json\/wp\/v2\/product\/7902","targetHints":{"allow":["GET"]}}],"collection":[{"href":"https:\/\/colmenafuertemiel.com\/en\/wp-json\/wp\/v2\/product"}],"about":[{"href":"https:\/\/colmenafuertemiel.com\/en\/wp-json\/wp\/v2\/types\/product"}],"replies":[{"embeddable":true,"href":"https:\/\/colmenafuertemiel.com\/en\/wp-json\/wp\/v2\/comments?post=7902"}],"wp:featuredmedia":[{"embeddable":true,"href":"https:\/\/colmenafuertemiel.com\/en\/wp-json\/wp\/v2\/media\/10271"}],"wp:attachment":[{"href":"https:\/\/colmenafuertemiel.com\/en\/wp-json\/wp\/v2\/media?parent=7902"}],"wp:term":[{"taxonomy":"pwb-brand","embeddable":true,"href":"https:\/\/colmenafuertemiel.com\/en\/wp-json\/wp\/v2\/pwb-brand?post=7902"},{"taxonomy":"product_brand","embeddable":true,"href":"https:\/\/colmenafuertemiel.com\/en\/wp-json\/wp\/v2\/product_brand?post=7902"},{"taxonomy":"product_cat","embeddable":true,"href":"https:\/\/colmenafuertemiel.com\/en\/wp-json\/wp\/v2\/product_cat?post=7902"},{"taxonomy":"product_tag","embeddable":true,"href":"https:\/\/colmenafuertemiel.com\/en\/wp-json\/wp\/v2\/product_tag?post=7902"}],"curies":[{"name":"wp","href":"https:\/\/api.w.org\/{rel}","templated":true}]}}