{"id":10622,"date":"2025-09-07T20:14:18","date_gmt":"2025-09-08T02:14:18","guid":{"rendered":"https:\/\/colmenafuertemiel.com\/product\/promocion-3-cubetas-de-19-5-litros\/"},"modified":"2025-09-07T20:14:21","modified_gmt":"2025-09-08T02:14:21","slug":"promocion-3-cubetas-de-19-5-litros","status":"publish","type":"product","link":"https:\/\/colmenafuertemiel.com\/en\/productos\/promocion-3-cubetas-de-19-5-litros\/","title":{"rendered":"Promoci\u00f3n 3 cubetas de 19.5 litros"},"content":{"rendered":"<p><strong>Miel multifloral org\u00e1nica de la selva maya de Yucat\u00e1n <\/strong><\/p>","protected":false},"excerpt":{"rendered":"<p>Miel multifloral org\u00e1nica de la selva maya de Yucat\u00e1n<\/p>","protected":false},"featured_media":10621,"comment_status":"open","ping_status":"closed","template":"","meta":{"ngg_post_thumbnail":0},"pwb-brand":[],"product_brand":[],"product_cat":[15],"product_tag":[],"class_list":{"0":"post-10622","1":"product","2":"type-product","3":"status-publish","4":"has-post-thumbnail","6":"product_cat-otras","8":"first","9":"instock","10":"sale","11":"shipping-taxable","12":"purchasable","13":"product-type-simple"},"yoast_head":"<!-- This site is optimized with the Yoast SEO plugin v27.2 - https:\/\/yoast.com\/product\/yoast-seo-wordpress\/ -->\n<title>Promoci\u00f3n 3 cubetas de 19.5 litros - Colmena Fuerte Miel<\/title>\n<meta name=\"robots\" content=\"index, follow, max-snippet:-1, max-image-preview:large, max-video-preview:-1\" \/>\n<link rel=\"canonical\" href=\"https:\/\/colmenafuertemiel.com\/en\/productos\/promocion-3-cubetas-de-19-5-litros\/\" \/>\n<meta property=\"og:locale\" content=\"en_US\" \/>\n<meta property=\"og:type\" content=\"article\" \/>\n<meta property=\"og:title\" content=\"Promoci\u00f3n 3 cubetas de 19.5 litros - Colmena Fuerte Miel\" \/>\n<meta property=\"og:description\" content=\"Miel multifloral org\u00e1nica de la selva maya de Yucat\u00e1n\" \/>\n<meta property=\"og:url\" content=\"https:\/\/colmenafuertemiel.com\/en\/productos\/promocion-3-cubetas-de-19-5-litros\/\" \/>\n<meta property=\"og:site_name\" content=\"Colmena Fuerte Miel\" \/>\n<meta property=\"article:modified_time\" content=\"2025-09-08T02:14:21+00:00\" \/>\n<meta property=\"og:image\" content=\"https:\/\/i0.wp.com\/colmenafuertemiel.com\/wp-content\/uploads\/2025\/09\/8b23d1ab-a06f-4b9f-80e5-b482ef2aefeb-scaled.jpeg?fit=1440%2C2560&ssl=1\" \/>\n\t<meta property=\"og:image:width\" content=\"1440\" \/>\n\t<meta property=\"og:image:height\" content=\"2560\" \/>\n\t<meta property=\"og:image:type\" content=\"image\/jpeg\" \/>\n<meta name=\"twitter:card\" content=\"summary_large_image\" \/>\n<script type=\"application\/ld+json\" class=\"yoast-schema-graph\">{\"@context\":\"https:\/\/schema.org\",\"@graph\":[{\"@type\":\"WebPage\",\"@id\":\"https:\/\/colmenafuertemiel.com\/productos\/promocion-3-cubetas-de-19-5-litros\/\",\"url\":\"https:\/\/colmenafuertemiel.com\/productos\/promocion-3-cubetas-de-19-5-litros\/\",\"name\":\"Promoci\u00f3n 3 cubetas de 19.5 litros - Colmena Fuerte Miel\",\"isPartOf\":{\"@id\":\"https:\/\/colmenafuertemiel.com\/#website\"},\"primaryImageOfPage\":{\"@id\":\"https:\/\/colmenafuertemiel.com\/productos\/promocion-3-cubetas-de-19-5-litros\/#primaryimage\"},\"image\":{\"@id\":\"https:\/\/colmenafuertemiel.com\/productos\/promocion-3-cubetas-de-19-5-litros\/#primaryimage\"},\"thumbnailUrl\":\"https:\/\/i0.wp.com\/colmenafuertemiel.com\/wp-content\/uploads\/2025\/09\/8b23d1ab-a06f-4b9f-80e5-b482ef2aefeb-scaled.jpeg?fit=1440%2C2560&ssl=1\",\"datePublished\":\"2025-09-08T02:14:18+00:00\",\"dateModified\":\"2025-09-08T02:14:21+00:00\",\"breadcrumb\":{\"@id\":\"https:\/\/colmenafuertemiel.com\/productos\/promocion-3-cubetas-de-19-5-litros\/#breadcrumb\"},\"inLanguage\":\"en-US\",\"potentialAction\":[{\"@type\":\"ReadAction\",\"target\":[\"https:\/\/colmenafuertemiel.com\/productos\/promocion-3-cubetas-de-19-5-litros\/\"]}]},{\"@type\":\"ImageObject\",\"inLanguage\":\"en-US\",\"@id\":\"https:\/\/colmenafuertemiel.com\/productos\/promocion-3-cubetas-de-19-5-litros\/#primaryimage\",\"url\":\"https:\/\/i0.wp.com\/colmenafuertemiel.com\/wp-content\/uploads\/2025\/09\/8b23d1ab-a06f-4b9f-80e5-b482ef2aefeb-scaled.jpeg?fit=1440%2C2560&ssl=1\",\"contentUrl\":\"https:\/\/i0.wp.com\/colmenafuertemiel.com\/wp-content\/uploads\/2025\/09\/8b23d1ab-a06f-4b9f-80e5-b482ef2aefeb-scaled.jpeg?fit=1440%2C2560&ssl=1\",\"width\":1440,\"height\":2560},{\"@type\":\"BreadcrumbList\",\"@id\":\"https:\/\/colmenafuertemiel.com\/productos\/promocion-3-cubetas-de-19-5-litros\/#breadcrumb\",\"itemListElement\":[{\"@type\":\"ListItem\",\"position\":1,\"name\":\"Inicio\",\"item\":\"https:\/\/colmenafuertemiel.com\/\"},{\"@type\":\"ListItem\",\"position\":2,\"name\":\"Productos\",\"item\":\"https:\/\/colmenafuertemiel.com\/productos\/\"},{\"@type\":\"ListItem\",\"position\":3,\"name\":\"Promoci\u00f3n 3 cubetas de 19.5 litros\"}]},{\"@type\":\"WebSite\",\"@id\":\"https:\/\/colmenafuertemiel.com\/#website\",\"url\":\"https:\/\/colmenafuertemiel.com\/\",\"name\":\"Colmena Fuerte Miel\",\"description\":\"Lo m\u00e1s dulce de la vida\",\"publisher\":{\"@id\":\"https:\/\/colmenafuertemiel.com\/#organization\"},\"potentialAction\":[{\"@type\":\"SearchAction\",\"target\":{\"@type\":\"EntryPoint\",\"urlTemplate\":\"https:\/\/colmenafuertemiel.com\/?s={search_term_string}\"},\"query-input\":{\"@type\":\"PropertyValueSpecification\",\"valueRequired\":true,\"valueName\":\"search_term_string\"}}],\"inLanguage\":\"en-US\"},{\"@type\":\"Organization\",\"@id\":\"https:\/\/colmenafuertemiel.com\/#organization\",\"name\":\"Colmena Fuerte Miel\",\"url\":\"https:\/\/colmenafuertemiel.com\/\",\"logo\":{\"@type\":\"ImageObject\",\"inLanguage\":\"en-US\",\"@id\":\"https:\/\/colmenafuertemiel.com\/#\/schema\/logo\/image\/\",\"url\":\"https:\/\/i0.wp.com\/colmenafuertemiel.com\/wp-content\/uploads\/2023\/04\/cropped-cropped-LOGO-COMPLETO.png?fit=1161%2C686&ssl=1\",\"contentUrl\":\"https:\/\/i0.wp.com\/colmenafuertemiel.com\/wp-content\/uploads\/2023\/04\/cropped-cropped-LOGO-COMPLETO.png?fit=1161%2C686&ssl=1\",\"width\":1161,\"height\":686,\"caption\":\"Colmena Fuerte Miel\"},\"image\":{\"@id\":\"https:\/\/colmenafuertemiel.com\/#\/schema\/logo\/image\/\"}}]}<\/script>\n<!-- \/ Yoast SEO plugin. -->","yoast_head_json":{"title":"Promoci\u00f3n 3 cubetas de 19.5 litros - Colmena Fuerte Miel","robots":{"index":"index","follow":"follow","max-snippet":"max-snippet:-1","max-image-preview":"max-image-preview:large","max-video-preview":"max-video-preview:-1"},"canonical":"https:\/\/colmenafuertemiel.com\/en\/productos\/promocion-3-cubetas-de-19-5-litros\/","og_locale":"en_US","og_type":"article","og_title":"Promoci\u00f3n 3 cubetas de 19.5 litros - Colmena Fuerte Miel","og_description":"Miel multifloral org\u00e1nica de la selva maya de Yucat\u00e1n","og_url":"https:\/\/colmenafuertemiel.com\/en\/productos\/promocion-3-cubetas-de-19-5-litros\/","og_site_name":"Colmena Fuerte Miel","article_modified_time":"2025-09-08T02:14:21+00:00","og_image":[{"width":1440,"height":2560,"url":"https:\/\/i0.wp.com\/colmenafuertemiel.com\/wp-content\/uploads\/2025\/09\/8b23d1ab-a06f-4b9f-80e5-b482ef2aefeb-scaled.jpeg?fit=1440%2C2560&ssl=1","type":"image\/jpeg"}],"twitter_card":"summary_large_image","schema":{"@context":"https:\/\/schema.org","@graph":[{"@type":"WebPage","@id":"https:\/\/colmenafuertemiel.com\/productos\/promocion-3-cubetas-de-19-5-litros\/","url":"https:\/\/colmenafuertemiel.com\/productos\/promocion-3-cubetas-de-19-5-litros\/","name":"Promoci\u00f3n 3 cubetas de 19.5 litros - Colmena Fuerte Miel","isPartOf":{"@id":"https:\/\/colmenafuertemiel.com\/#website"},"primaryImageOfPage":{"@id":"https:\/\/colmenafuertemiel.com\/productos\/promocion-3-cubetas-de-19-5-litros\/#primaryimage"},"image":{"@id":"https:\/\/colmenafuertemiel.com\/productos\/promocion-3-cubetas-de-19-5-litros\/#primaryimage"},"thumbnailUrl":"https:\/\/i0.wp.com\/colmenafuertemiel.com\/wp-content\/uploads\/2025\/09\/8b23d1ab-a06f-4b9f-80e5-b482ef2aefeb-scaled.jpeg?fit=1440%2C2560&ssl=1","datePublished":"2025-09-08T02:14:18+00:00","dateModified":"2025-09-08T02:14:21+00:00","breadcrumb":{"@id":"https:\/\/colmenafuertemiel.com\/productos\/promocion-3-cubetas-de-19-5-litros\/#breadcrumb"},"inLanguage":"en-US","potentialAction":[{"@type":"ReadAction","target":["https:\/\/colmenafuertemiel.com\/productos\/promocion-3-cubetas-de-19-5-litros\/"]}]},{"@type":"ImageObject","inLanguage":"en-US","@id":"https:\/\/colmenafuertemiel.com\/productos\/promocion-3-cubetas-de-19-5-litros\/#primaryimage","url":"https:\/\/i0.wp.com\/colmenafuertemiel.com\/wp-content\/uploads\/2025\/09\/8b23d1ab-a06f-4b9f-80e5-b482ef2aefeb-scaled.jpeg?fit=1440%2C2560&ssl=1","contentUrl":"https:\/\/i0.wp.com\/colmenafuertemiel.com\/wp-content\/uploads\/2025\/09\/8b23d1ab-a06f-4b9f-80e5-b482ef2aefeb-scaled.jpeg?fit=1440%2C2560&ssl=1","width":1440,"height":2560},{"@type":"BreadcrumbList","@id":"https:\/\/colmenafuertemiel.com\/productos\/promocion-3-cubetas-de-19-5-litros\/#breadcrumb","itemListElement":[{"@type":"ListItem","position":1,"name":"Inicio","item":"https:\/\/colmenafuertemiel.com\/"},{"@type":"ListItem","position":2,"name":"Productos","item":"https:\/\/colmenafuertemiel.com\/productos\/"},{"@type":"ListItem","position":3,"name":"Promoci\u00f3n 3 cubetas de 19.5 litros"}]},{"@type":"WebSite","@id":"https:\/\/colmenafuertemiel.com\/#website","url":"https:\/\/colmenafuertemiel.com\/","name":"Colmena Fuerte Miel","description":"Lo m\u00e1s dulce de la vida","publisher":{"@id":"https:\/\/colmenafuertemiel.com\/#organization"},"potentialAction":[{"@type":"SearchAction","target":{"@type":"EntryPoint","urlTemplate":"https:\/\/colmenafuertemiel.com\/?s={search_term_string}"},"query-input":{"@type":"PropertyValueSpecification","valueRequired":true,"valueName":"search_term_string"}}],"inLanguage":"en-US"},{"@type":"Organization","@id":"https:\/\/colmenafuertemiel.com\/#organization","name":"Colmena Fuerte Miel","url":"https:\/\/colmenafuertemiel.com\/","logo":{"@type":"ImageObject","inLanguage":"en-US","@id":"https:\/\/colmenafuertemiel.com\/#\/schema\/logo\/image\/","url":"https:\/\/i0.wp.com\/colmenafuertemiel.com\/wp-content\/uploads\/2023\/04\/cropped-cropped-LOGO-COMPLETO.png?fit=1161%2C686&ssl=1","contentUrl":"https:\/\/i0.wp.com\/colmenafuertemiel.com\/wp-content\/uploads\/2023\/04\/cropped-cropped-LOGO-COMPLETO.png?fit=1161%2C686&ssl=1","width":1161,"height":686,"caption":"Colmena Fuerte Miel"},"image":{"@id":"https:\/\/colmenafuertemiel.com\/#\/schema\/logo\/image\/"}}]}},"jetpack-related-posts":[],"jetpack_sharing_enabled":true,"brands":[],"_links":{"self":[{"href":"https:\/\/colmenafuertemiel.com\/en\/wp-json\/wp\/v2\/product\/10622","targetHints":{"allow":["GET"]}}],"collection":[{"href":"https:\/\/colmenafuertemiel.com\/en\/wp-json\/wp\/v2\/product"}],"about":[{"href":"https:\/\/colmenafuertemiel.com\/en\/wp-json\/wp\/v2\/types\/product"}],"replies":[{"embeddable":true,"href":"https:\/\/colmenafuertemiel.com\/en\/wp-json\/wp\/v2\/comments?post=10622"}],"wp:featuredmedia":[{"embeddable":true,"href":"https:\/\/colmenafuertemiel.com\/en\/wp-json\/wp\/v2\/media\/10621"}],"wp:attachment":[{"href":"https:\/\/colmenafuertemiel.com\/en\/wp-json\/wp\/v2\/media?parent=10622"}],"wp:term":[{"taxonomy":"pwb-brand","embeddable":true,"href":"https:\/\/colmenafuertemiel.com\/en\/wp-json\/wp\/v2\/pwb-brand?post=10622"},{"taxonomy":"product_brand","embeddable":true,"href":"https:\/\/colmenafuertemiel.com\/en\/wp-json\/wp\/v2\/product_brand?post=10622"},{"taxonomy":"product_cat","embeddable":true,"href":"https:\/\/colmenafuertemiel.com\/en\/wp-json\/wp\/v2\/product_cat?post=10622"},{"taxonomy":"product_tag","embeddable":true,"href":"https:\/\/colmenafuertemiel.com\/en\/wp-json\/wp\/v2\/product_tag?post=10622"}],"curies":[{"name":"wp","href":"https:\/\/api.w.org\/{rel}","templated":true}]}}