{"id":10263,"date":"2023-07-29T18:23:50","date_gmt":"2023-07-29T18:23:50","guid":{"rendered":"https:\/\/colmenafuertemiel.com\/?post_type=product&#038;p=10263"},"modified":"2026-01-22T19:35:19","modified_gmt":"2026-01-23T01:35:19","slug":"miel-melipona-gotero-30ml","status":"publish","type":"product","link":"https:\/\/colmenafuertemiel.com\/en\/productos\/miel-melipona-gotero-30ml\/","title":{"rendered":"Miel Melipona Gotero 30ml"},"content":{"rendered":"<p>La abeja melipona o abeja maya es una especie de abeja nativa americana sin aguij\u00f3n de escasa producci\u00f3n es una miel m\u00e1s rica en propiedades medicinales, utilizada especialmente para tratar afecciones de la vista, aunque puede ser usada tambi\u00e9n para tratar infecciones respiratorias, malestares digestivos y heridas externas!!<\/p>","protected":false},"excerpt":{"rendered":"<p>La abeja melipona o abeja maya es una especie de abeja nativa americana sin aguij\u00f3n de escasa producci\u00f3n es una miel m\u00e1s rica en propiedades medicinales, utilizada especialmente para tratar afecciones de la vista, aunque puede ser usada tambi\u00e9n para tratar infecciones respiratorias, malestares digestivos y heridas externas!!<\/p>","protected":false},"featured_media":10261,"comment_status":"open","ping_status":"closed","template":"","meta":{"ngg_post_thumbnail":0},"pwb-brand":[],"product_brand":[],"product_cat":[78,70],"product_tag":[81,80],"class_list":{"0":"post-10263","1":"product","2":"type-product","3":"status-publish","4":"has-post-thumbnail","6":"product_cat-miel","7":"product_cat-miel-melipona","8":"product_tag-melipona","9":"product_tag-miel","11":"first","12":"instock","13":"shipping-taxable","14":"purchasable","15":"product-type-simple"},"yoast_head":"<!-- This site is optimized with the Yoast SEO plugin v27.2 - https:\/\/yoast.com\/product\/yoast-seo-wordpress\/ -->\n<title>Miel Melipona Gotero 30ml<\/title>\n<meta name=\"description\" content=\"Miel fuerte, preparado de mieles con prop\u00f3leo, polen de abeja, jalea real y eucalipto, fortalece tus defensas, aporta energ\u00eda y vitalidad, alivia enfermedades respiratorias e infecciosas, una cucharada al d\u00eda\" \/>\n<meta name=\"robots\" content=\"index, follow, max-snippet:-1, max-image-preview:large, max-video-preview:-1\" \/>\n<link rel=\"canonical\" href=\"https:\/\/colmenafuertemiel.com\/en\/productos\/miel-melipona-gotero-30ml\/\" \/>\n<meta property=\"og:locale\" content=\"en_US\" \/>\n<meta property=\"og:type\" content=\"article\" \/>\n<meta property=\"og:title\" content=\"Miel Melipona Gotero 30ml\" \/>\n<meta property=\"og:description\" content=\"Miel fuerte, preparado de mieles con prop\u00f3leo, polen de abeja, jalea real y eucalipto, fortalece tus defensas, aporta energ\u00eda y vitalidad, alivia enfermedades respiratorias e infecciosas, una cucharada al d\u00eda\" \/>\n<meta property=\"og:url\" content=\"https:\/\/colmenafuertemiel.com\/en\/productos\/miel-melipona-gotero-30ml\/\" \/>\n<meta property=\"og:site_name\" content=\"Colmena Fuerte Miel\" \/>\n<meta property=\"article:modified_time\" content=\"2026-01-23T01:35:19+00:00\" \/>\n<meta property=\"og:image\" content=\"https:\/\/i0.wp.com\/colmenafuertemiel.com\/wp-content\/uploads\/2023\/07\/Miel-Melipona-Gotero-30ml.png?fit=388%2C1184&ssl=1\" \/>\n\t<meta property=\"og:image:width\" content=\"388\" \/>\n\t<meta property=\"og:image:height\" content=\"1184\" \/>\n\t<meta property=\"og:image:type\" content=\"image\/png\" \/>\n<meta name=\"twitter:card\" content=\"summary_large_image\" \/>\n<meta name=\"twitter:label1\" content=\"Est. reading time\" \/>\n\t<meta name=\"twitter:data1\" content=\"1 minute\" \/>\n<script type=\"application\/ld+json\" class=\"yoast-schema-graph\">{\"@context\":\"https:\/\/schema.org\",\"@graph\":[{\"@type\":\"WebPage\",\"@id\":\"https:\/\/colmenafuertemiel.com\/productos\/miel-melipona-gotero-30ml\/\",\"url\":\"https:\/\/colmenafuertemiel.com\/productos\/miel-melipona-gotero-30ml\/\",\"name\":\"Miel Melipona Gotero 30ml\",\"isPartOf\":{\"@id\":\"https:\/\/colmenafuertemiel.com\/#website\"},\"primaryImageOfPage\":{\"@id\":\"https:\/\/colmenafuertemiel.com\/productos\/miel-melipona-gotero-30ml\/#primaryimage\"},\"image\":{\"@id\":\"https:\/\/colmenafuertemiel.com\/productos\/miel-melipona-gotero-30ml\/#primaryimage\"},\"thumbnailUrl\":\"https:\/\/i0.wp.com\/colmenafuertemiel.com\/wp-content\/uploads\/2023\/07\/Miel-Melipona-Gotero-30ml.png?fit=388%2C1184&ssl=1\",\"datePublished\":\"2023-07-29T18:23:50+00:00\",\"dateModified\":\"2026-01-23T01:35:19+00:00\",\"description\":\"Miel fuerte, preparado de mieles con prop\u00f3leo, polen de abeja, jalea real y eucalipto, fortalece tus defensas, aporta energ\u00eda y vitalidad, alivia enfermedades respiratorias e infecciosas, una cucharada al d\u00eda\",\"breadcrumb\":{\"@id\":\"https:\/\/colmenafuertemiel.com\/productos\/miel-melipona-gotero-30ml\/#breadcrumb\"},\"inLanguage\":\"en-US\",\"potentialAction\":[{\"@type\":\"ReadAction\",\"target\":[\"https:\/\/colmenafuertemiel.com\/productos\/miel-melipona-gotero-30ml\/\"]}]},{\"@type\":\"ImageObject\",\"inLanguage\":\"en-US\",\"@id\":\"https:\/\/colmenafuertemiel.com\/productos\/miel-melipona-gotero-30ml\/#primaryimage\",\"url\":\"https:\/\/i0.wp.com\/colmenafuertemiel.com\/wp-content\/uploads\/2023\/07\/Miel-Melipona-Gotero-30ml.png?fit=388%2C1184&ssl=1\",\"contentUrl\":\"https:\/\/i0.wp.com\/colmenafuertemiel.com\/wp-content\/uploads\/2023\/07\/Miel-Melipona-Gotero-30ml.png?fit=388%2C1184&ssl=1\",\"width\":388,\"height\":1184},{\"@type\":\"BreadcrumbList\",\"@id\":\"https:\/\/colmenafuertemiel.com\/productos\/miel-melipona-gotero-30ml\/#breadcrumb\",\"itemListElement\":[{\"@type\":\"ListItem\",\"position\":1,\"name\":\"Inicio\",\"item\":\"https:\/\/colmenafuertemiel.com\/\"},{\"@type\":\"ListItem\",\"position\":2,\"name\":\"Productos\",\"item\":\"https:\/\/colmenafuertemiel.com\/productos\/\"},{\"@type\":\"ListItem\",\"position\":3,\"name\":\"Miel Melipona Gotero 30ml\"}]},{\"@type\":\"WebSite\",\"@id\":\"https:\/\/colmenafuertemiel.com\/#website\",\"url\":\"https:\/\/colmenafuertemiel.com\/\",\"name\":\"Colmena Fuerte Miel\",\"description\":\"Lo m\u00e1s dulce de la vida\",\"publisher\":{\"@id\":\"https:\/\/colmenafuertemiel.com\/#organization\"},\"potentialAction\":[{\"@type\":\"SearchAction\",\"target\":{\"@type\":\"EntryPoint\",\"urlTemplate\":\"https:\/\/colmenafuertemiel.com\/?s={search_term_string}\"},\"query-input\":{\"@type\":\"PropertyValueSpecification\",\"valueRequired\":true,\"valueName\":\"search_term_string\"}}],\"inLanguage\":\"en-US\"},{\"@type\":\"Organization\",\"@id\":\"https:\/\/colmenafuertemiel.com\/#organization\",\"name\":\"Colmena Fuerte Miel\",\"url\":\"https:\/\/colmenafuertemiel.com\/\",\"logo\":{\"@type\":\"ImageObject\",\"inLanguage\":\"en-US\",\"@id\":\"https:\/\/colmenafuertemiel.com\/#\/schema\/logo\/image\/\",\"url\":\"https:\/\/i0.wp.com\/colmenafuertemiel.com\/wp-content\/uploads\/2023\/04\/cropped-cropped-LOGO-COMPLETO.png?fit=1161%2C686&ssl=1\",\"contentUrl\":\"https:\/\/i0.wp.com\/colmenafuertemiel.com\/wp-content\/uploads\/2023\/04\/cropped-cropped-LOGO-COMPLETO.png?fit=1161%2C686&ssl=1\",\"width\":1161,\"height\":686,\"caption\":\"Colmena Fuerte Miel\"},\"image\":{\"@id\":\"https:\/\/colmenafuertemiel.com\/#\/schema\/logo\/image\/\"}}]}<\/script>\n<!-- \/ Yoast SEO plugin. -->","yoast_head_json":{"title":"Miel Melipona Gotero 30ml","description":"Miel fuerte, preparado de mieles con prop\u00f3leo, polen de abeja, jalea real y eucalipto, fortalece tus defensas, aporta energ\u00eda y vitalidad, alivia enfermedades respiratorias e infecciosas, una cucharada al d\u00eda","robots":{"index":"index","follow":"follow","max-snippet":"max-snippet:-1","max-image-preview":"max-image-preview:large","max-video-preview":"max-video-preview:-1"},"canonical":"https:\/\/colmenafuertemiel.com\/en\/productos\/miel-melipona-gotero-30ml\/","og_locale":"en_US","og_type":"article","og_title":"Miel Melipona Gotero 30ml","og_description":"Miel fuerte, preparado de mieles con prop\u00f3leo, polen de abeja, jalea real y eucalipto, fortalece tus defensas, aporta energ\u00eda y vitalidad, alivia enfermedades respiratorias e infecciosas, una cucharada al d\u00eda","og_url":"https:\/\/colmenafuertemiel.com\/en\/productos\/miel-melipona-gotero-30ml\/","og_site_name":"Colmena Fuerte Miel","article_modified_time":"2026-01-23T01:35:19+00:00","og_image":[{"width":388,"height":1184,"url":"https:\/\/i0.wp.com\/colmenafuertemiel.com\/wp-content\/uploads\/2023\/07\/Miel-Melipona-Gotero-30ml.png?fit=388%2C1184&ssl=1","type":"image\/png"}],"twitter_card":"summary_large_image","twitter_misc":{"Est. reading time":"1 minute"},"schema":{"@context":"https:\/\/schema.org","@graph":[{"@type":"WebPage","@id":"https:\/\/colmenafuertemiel.com\/productos\/miel-melipona-gotero-30ml\/","url":"https:\/\/colmenafuertemiel.com\/productos\/miel-melipona-gotero-30ml\/","name":"Miel Melipona Gotero 30ml","isPartOf":{"@id":"https:\/\/colmenafuertemiel.com\/#website"},"primaryImageOfPage":{"@id":"https:\/\/colmenafuertemiel.com\/productos\/miel-melipona-gotero-30ml\/#primaryimage"},"image":{"@id":"https:\/\/colmenafuertemiel.com\/productos\/miel-melipona-gotero-30ml\/#primaryimage"},"thumbnailUrl":"https:\/\/i0.wp.com\/colmenafuertemiel.com\/wp-content\/uploads\/2023\/07\/Miel-Melipona-Gotero-30ml.png?fit=388%2C1184&ssl=1","datePublished":"2023-07-29T18:23:50+00:00","dateModified":"2026-01-23T01:35:19+00:00","description":"Miel fuerte, preparado de mieles con prop\u00f3leo, polen de abeja, jalea real y eucalipto, fortalece tus defensas, aporta energ\u00eda y vitalidad, alivia enfermedades respiratorias e infecciosas, una cucharada al d\u00eda","breadcrumb":{"@id":"https:\/\/colmenafuertemiel.com\/productos\/miel-melipona-gotero-30ml\/#breadcrumb"},"inLanguage":"en-US","potentialAction":[{"@type":"ReadAction","target":["https:\/\/colmenafuertemiel.com\/productos\/miel-melipona-gotero-30ml\/"]}]},{"@type":"ImageObject","inLanguage":"en-US","@id":"https:\/\/colmenafuertemiel.com\/productos\/miel-melipona-gotero-30ml\/#primaryimage","url":"https:\/\/i0.wp.com\/colmenafuertemiel.com\/wp-content\/uploads\/2023\/07\/Miel-Melipona-Gotero-30ml.png?fit=388%2C1184&ssl=1","contentUrl":"https:\/\/i0.wp.com\/colmenafuertemiel.com\/wp-content\/uploads\/2023\/07\/Miel-Melipona-Gotero-30ml.png?fit=388%2C1184&ssl=1","width":388,"height":1184},{"@type":"BreadcrumbList","@id":"https:\/\/colmenafuertemiel.com\/productos\/miel-melipona-gotero-30ml\/#breadcrumb","itemListElement":[{"@type":"ListItem","position":1,"name":"Inicio","item":"https:\/\/colmenafuertemiel.com\/"},{"@type":"ListItem","position":2,"name":"Productos","item":"https:\/\/colmenafuertemiel.com\/productos\/"},{"@type":"ListItem","position":3,"name":"Miel Melipona Gotero 30ml"}]},{"@type":"WebSite","@id":"https:\/\/colmenafuertemiel.com\/#website","url":"https:\/\/colmenafuertemiel.com\/","name":"Colmena Fuerte Miel","description":"Lo m\u00e1s dulce de la vida","publisher":{"@id":"https:\/\/colmenafuertemiel.com\/#organization"},"potentialAction":[{"@type":"SearchAction","target":{"@type":"EntryPoint","urlTemplate":"https:\/\/colmenafuertemiel.com\/?s={search_term_string}"},"query-input":{"@type":"PropertyValueSpecification","valueRequired":true,"valueName":"search_term_string"}}],"inLanguage":"en-US"},{"@type":"Organization","@id":"https:\/\/colmenafuertemiel.com\/#organization","name":"Colmena Fuerte Miel","url":"https:\/\/colmenafuertemiel.com\/","logo":{"@type":"ImageObject","inLanguage":"en-US","@id":"https:\/\/colmenafuertemiel.com\/#\/schema\/logo\/image\/","url":"https:\/\/i0.wp.com\/colmenafuertemiel.com\/wp-content\/uploads\/2023\/04\/cropped-cropped-LOGO-COMPLETO.png?fit=1161%2C686&ssl=1","contentUrl":"https:\/\/i0.wp.com\/colmenafuertemiel.com\/wp-content\/uploads\/2023\/04\/cropped-cropped-LOGO-COMPLETO.png?fit=1161%2C686&ssl=1","width":1161,"height":686,"caption":"Colmena Fuerte Miel"},"image":{"@id":"https:\/\/colmenafuertemiel.com\/#\/schema\/logo\/image\/"}}]}},"jetpack-related-posts":[],"jetpack_sharing_enabled":true,"brands":[],"_links":{"self":[{"href":"https:\/\/colmenafuertemiel.com\/en\/wp-json\/wp\/v2\/product\/10263","targetHints":{"allow":["GET"]}}],"collection":[{"href":"https:\/\/colmenafuertemiel.com\/en\/wp-json\/wp\/v2\/product"}],"about":[{"href":"https:\/\/colmenafuertemiel.com\/en\/wp-json\/wp\/v2\/types\/product"}],"replies":[{"embeddable":true,"href":"https:\/\/colmenafuertemiel.com\/en\/wp-json\/wp\/v2\/comments?post=10263"}],"wp:featuredmedia":[{"embeddable":true,"href":"https:\/\/colmenafuertemiel.com\/en\/wp-json\/wp\/v2\/media\/10261"}],"wp:attachment":[{"href":"https:\/\/colmenafuertemiel.com\/en\/wp-json\/wp\/v2\/media?parent=10263"}],"wp:term":[{"taxonomy":"pwb-brand","embeddable":true,"href":"https:\/\/colmenafuertemiel.com\/en\/wp-json\/wp\/v2\/pwb-brand?post=10263"},{"taxonomy":"product_brand","embeddable":true,"href":"https:\/\/colmenafuertemiel.com\/en\/wp-json\/wp\/v2\/product_brand?post=10263"},{"taxonomy":"product_cat","embeddable":true,"href":"https:\/\/colmenafuertemiel.com\/en\/wp-json\/wp\/v2\/product_cat?post=10263"},{"taxonomy":"product_tag","embeddable":true,"href":"https:\/\/colmenafuertemiel.com\/en\/wp-json\/wp\/v2\/product_tag?post=10263"}],"curies":[{"name":"wp","href":"https:\/\/api.w.org\/{rel}","templated":true}]}}