{"id":10182,"date":"2023-06-30T21:39:44","date_gmt":"2023-06-30T21:39:44","guid":{"rendered":"https:\/\/colmenafuertemiel.com\/?post_type=product&#038;p=10182"},"modified":"2026-01-22T19:35:19","modified_gmt":"2026-01-23T01:35:19","slug":"polen-de-abeja","status":"publish","type":"product","link":"https:\/\/colmenafuertemiel.com\/en\/productos\/polen-de-abeja\/","title":{"rendered":"Bee pollen 440g"},"content":{"rendered":"<p>El polen de abeja es una fuente natural de bienestar contribuyendo al fortalecimiento del sistema inmunol\u00f3gico. El polen contiene, de forma muy completa, los elementos de una buena dieta y todo ello de forma natural.<\/p>\n<p>Su riqueza hace de este producto natural un estupendo complemento alimenticio, pudiendo ser considerado un superalimento, que junto con una dieta equilibrada ayuda a nuestro bienestar. Contiene prote\u00ednas (casi todos los amino\u00e1cidos esenciales), y es una gran fuente de vitaminas, minerales, hidratos de carbono y l\u00edpidos (incluyendo omega 3 y omega 6).<\/p>","protected":false},"excerpt":{"rendered":"<p>El polen de abeja es una fuente natural de bienestar contribuyendo al fortalecimiento del sistema inmunol\u00f3gico. El polen contiene, de forma muy completa, los elementos de una buena dieta y todo ello de forma natural.<\/p>\n<p>Su riqueza hace de este producto natural un estupendo complemento alimenticio, pudiendo ser considerado un superalimento, que junto con una dieta equilibrada ayuda a nuestro bienestar. Contiene prote\u00ednas (casi todos los amino\u00e1cidos esenciales), y es una gran fuente de vitaminas, minerales, hidratos de carbono y l\u00edpidos (incluyendo omega 3 y omega 6).<\/p>","protected":false},"featured_media":10177,"comment_status":"open","ping_status":"closed","template":"","meta":{"ngg_post_thumbnail":0},"pwb-brand":[],"product_brand":[],"product_cat":[69],"product_tag":[],"class_list":{"0":"post-10182","1":"product","2":"type-product","3":"status-publish","4":"has-post-thumbnail","6":"product_cat-polen","8":"first","9":"instock","10":"featured","11":"shipping-taxable","12":"purchasable","13":"product-type-simple"},"yoast_head":"<!-- This site is optimized with the Yoast SEO plugin v27.2 - https:\/\/yoast.com\/product\/yoast-seo-wordpress\/ -->\n<title>Polen de Abeja 440g<\/title>\n<meta name=\"description\" content=\"El polen de abeja es una fuente natural de bienestar contribuyendo al fortalecimiento del sistema inmunol\u00f3gico. El polen contiene los elementos de una buena dieta y todo ello de forma natural.\" \/>\n<meta name=\"robots\" content=\"index, follow, max-snippet:-1, max-image-preview:large, max-video-preview:-1\" \/>\n<link rel=\"canonical\" href=\"https:\/\/colmenafuertemiel.com\/en\/productos\/polen-de-abeja\/\" \/>\n<meta property=\"og:locale\" content=\"en_US\" \/>\n<meta property=\"og:type\" content=\"article\" \/>\n<meta property=\"og:title\" content=\"Polen de Abeja 440g\" \/>\n<meta property=\"og:description\" content=\"El polen de abeja es una fuente natural de bienestar contribuyendo al fortalecimiento del sistema inmunol\u00f3gico. El polen contiene los elementos de una buena dieta y todo ello de forma natural.\" \/>\n<meta property=\"og:url\" content=\"https:\/\/colmenafuertemiel.com\/en\/productos\/polen-de-abeja\/\" \/>\n<meta property=\"og:site_name\" content=\"Colmena Fuerte Miel\" \/>\n<meta property=\"article:modified_time\" content=\"2026-01-23T01:35:19+00:00\" \/>\n<meta property=\"og:image\" content=\"https:\/\/i0.wp.com\/colmenafuertemiel.com\/wp-content\/uploads\/2023\/06\/Capa-2.png?fit=547%2C1064&ssl=1\" \/>\n\t<meta property=\"og:image:width\" content=\"547\" \/>\n\t<meta property=\"og:image:height\" content=\"1064\" \/>\n\t<meta property=\"og:image:type\" content=\"image\/png\" \/>\n<meta name=\"twitter:card\" content=\"summary_large_image\" \/>\n<meta name=\"twitter:label1\" content=\"Est. reading time\" \/>\n\t<meta name=\"twitter:data1\" content=\"1 minute\" \/>\n<script type=\"application\/ld+json\" class=\"yoast-schema-graph\">{\"@context\":\"https:\/\/schema.org\",\"@graph\":[{\"@type\":\"WebPage\",\"@id\":\"https:\/\/colmenafuertemiel.com\/productos\/polen-de-abeja\/\",\"url\":\"https:\/\/colmenafuertemiel.com\/productos\/polen-de-abeja\/\",\"name\":\"Polen de Abeja 440g\",\"isPartOf\":{\"@id\":\"https:\/\/colmenafuertemiel.com\/#website\"},\"primaryImageOfPage\":{\"@id\":\"https:\/\/colmenafuertemiel.com\/productos\/polen-de-abeja\/#primaryimage\"},\"image\":{\"@id\":\"https:\/\/colmenafuertemiel.com\/productos\/polen-de-abeja\/#primaryimage\"},\"thumbnailUrl\":\"https:\/\/i0.wp.com\/colmenafuertemiel.com\/wp-content\/uploads\/2023\/06\/Capa-2.png?fit=547%2C1064&ssl=1\",\"datePublished\":\"2023-06-30T21:39:44+00:00\",\"dateModified\":\"2026-01-23T01:35:19+00:00\",\"description\":\"El polen de abeja es una fuente natural de bienestar contribuyendo al fortalecimiento del sistema inmunol\u00f3gico. El polen contiene los elementos de una buena dieta y todo ello de forma natural.\",\"breadcrumb\":{\"@id\":\"https:\/\/colmenafuertemiel.com\/productos\/polen-de-abeja\/#breadcrumb\"},\"inLanguage\":\"en-US\",\"potentialAction\":[{\"@type\":\"ReadAction\",\"target\":[\"https:\/\/colmenafuertemiel.com\/productos\/polen-de-abeja\/\"]}]},{\"@type\":\"ImageObject\",\"inLanguage\":\"en-US\",\"@id\":\"https:\/\/colmenafuertemiel.com\/productos\/polen-de-abeja\/#primaryimage\",\"url\":\"https:\/\/i0.wp.com\/colmenafuertemiel.com\/wp-content\/uploads\/2023\/06\/Capa-2.png?fit=547%2C1064&ssl=1\",\"contentUrl\":\"https:\/\/i0.wp.com\/colmenafuertemiel.com\/wp-content\/uploads\/2023\/06\/Capa-2.png?fit=547%2C1064&ssl=1\",\"width\":547,\"height\":1064},{\"@type\":\"BreadcrumbList\",\"@id\":\"https:\/\/colmenafuertemiel.com\/productos\/polen-de-abeja\/#breadcrumb\",\"itemListElement\":[{\"@type\":\"ListItem\",\"position\":1,\"name\":\"Inicio\",\"item\":\"https:\/\/colmenafuertemiel.com\/\"},{\"@type\":\"ListItem\",\"position\":2,\"name\":\"Productos\",\"item\":\"https:\/\/colmenafuertemiel.com\/productos\/\"},{\"@type\":\"ListItem\",\"position\":3,\"name\":\"Polen de Abeja 440g\"}]},{\"@type\":\"WebSite\",\"@id\":\"https:\/\/colmenafuertemiel.com\/#website\",\"url\":\"https:\/\/colmenafuertemiel.com\/\",\"name\":\"Colmena Fuerte Miel\",\"description\":\"Lo m\u00e1s dulce de la vida\",\"publisher\":{\"@id\":\"https:\/\/colmenafuertemiel.com\/#organization\"},\"potentialAction\":[{\"@type\":\"SearchAction\",\"target\":{\"@type\":\"EntryPoint\",\"urlTemplate\":\"https:\/\/colmenafuertemiel.com\/?s={search_term_string}\"},\"query-input\":{\"@type\":\"PropertyValueSpecification\",\"valueRequired\":true,\"valueName\":\"search_term_string\"}}],\"inLanguage\":\"en-US\"},{\"@type\":\"Organization\",\"@id\":\"https:\/\/colmenafuertemiel.com\/#organization\",\"name\":\"Colmena Fuerte Miel\",\"url\":\"https:\/\/colmenafuertemiel.com\/\",\"logo\":{\"@type\":\"ImageObject\",\"inLanguage\":\"en-US\",\"@id\":\"https:\/\/colmenafuertemiel.com\/#\/schema\/logo\/image\/\",\"url\":\"https:\/\/i0.wp.com\/colmenafuertemiel.com\/wp-content\/uploads\/2023\/04\/cropped-cropped-LOGO-COMPLETO.png?fit=1161%2C686&ssl=1\",\"contentUrl\":\"https:\/\/i0.wp.com\/colmenafuertemiel.com\/wp-content\/uploads\/2023\/04\/cropped-cropped-LOGO-COMPLETO.png?fit=1161%2C686&ssl=1\",\"width\":1161,\"height\":686,\"caption\":\"Colmena Fuerte Miel\"},\"image\":{\"@id\":\"https:\/\/colmenafuertemiel.com\/#\/schema\/logo\/image\/\"}}]}<\/script>\n<!-- \/ Yoast SEO plugin. -->","yoast_head_json":{"title":"Bee pollen 440g","description":"El polen de abeja es una fuente natural de bienestar contribuyendo al fortalecimiento del sistema inmunol\u00f3gico. El polen contiene los elementos de una buena dieta y todo ello de forma natural.","robots":{"index":"index","follow":"follow","max-snippet":"max-snippet:-1","max-image-preview":"max-image-preview:large","max-video-preview":"max-video-preview:-1"},"canonical":"https:\/\/colmenafuertemiel.com\/en\/productos\/polen-de-abeja\/","og_locale":"en_US","og_type":"article","og_title":"Polen de Abeja 440g","og_description":"El polen de abeja es una fuente natural de bienestar contribuyendo al fortalecimiento del sistema inmunol\u00f3gico. El polen contiene los elementos de una buena dieta y todo ello de forma natural.","og_url":"https:\/\/colmenafuertemiel.com\/en\/productos\/polen-de-abeja\/","og_site_name":"Colmena Fuerte Miel","article_modified_time":"2026-01-23T01:35:19+00:00","og_image":[{"width":547,"height":1064,"url":"https:\/\/i0.wp.com\/colmenafuertemiel.com\/wp-content\/uploads\/2023\/06\/Capa-2.png?fit=547%2C1064&ssl=1","type":"image\/png"}],"twitter_card":"summary_large_image","twitter_misc":{"Est. reading time":"1 minute"},"schema":{"@context":"https:\/\/schema.org","@graph":[{"@type":"WebPage","@id":"https:\/\/colmenafuertemiel.com\/productos\/polen-de-abeja\/","url":"https:\/\/colmenafuertemiel.com\/productos\/polen-de-abeja\/","name":"Bee pollen 440g","isPartOf":{"@id":"https:\/\/colmenafuertemiel.com\/#website"},"primaryImageOfPage":{"@id":"https:\/\/colmenafuertemiel.com\/productos\/polen-de-abeja\/#primaryimage"},"image":{"@id":"https:\/\/colmenafuertemiel.com\/productos\/polen-de-abeja\/#primaryimage"},"thumbnailUrl":"https:\/\/i0.wp.com\/colmenafuertemiel.com\/wp-content\/uploads\/2023\/06\/Capa-2.png?fit=547%2C1064&ssl=1","datePublished":"2023-06-30T21:39:44+00:00","dateModified":"2026-01-23T01:35:19+00:00","description":"El polen de abeja es una fuente natural de bienestar contribuyendo al fortalecimiento del sistema inmunol\u00f3gico. El polen contiene los elementos de una buena dieta y todo ello de forma natural.","breadcrumb":{"@id":"https:\/\/colmenafuertemiel.com\/productos\/polen-de-abeja\/#breadcrumb"},"inLanguage":"en-US","potentialAction":[{"@type":"ReadAction","target":["https:\/\/colmenafuertemiel.com\/productos\/polen-de-abeja\/"]}]},{"@type":"ImageObject","inLanguage":"en-US","@id":"https:\/\/colmenafuertemiel.com\/productos\/polen-de-abeja\/#primaryimage","url":"https:\/\/i0.wp.com\/colmenafuertemiel.com\/wp-content\/uploads\/2023\/06\/Capa-2.png?fit=547%2C1064&ssl=1","contentUrl":"https:\/\/i0.wp.com\/colmenafuertemiel.com\/wp-content\/uploads\/2023\/06\/Capa-2.png?fit=547%2C1064&ssl=1","width":547,"height":1064},{"@type":"BreadcrumbList","@id":"https:\/\/colmenafuertemiel.com\/productos\/polen-de-abeja\/#breadcrumb","itemListElement":[{"@type":"ListItem","position":1,"name":"Inicio","item":"https:\/\/colmenafuertemiel.com\/"},{"@type":"ListItem","position":2,"name":"Productos","item":"https:\/\/colmenafuertemiel.com\/productos\/"},{"@type":"ListItem","position":3,"name":"Polen de Abeja 440g"}]},{"@type":"WebSite","@id":"https:\/\/colmenafuertemiel.com\/#website","url":"https:\/\/colmenafuertemiel.com\/","name":"Colmena Fuerte Miel","description":"Lo m\u00e1s dulce de la vida","publisher":{"@id":"https:\/\/colmenafuertemiel.com\/#organization"},"potentialAction":[{"@type":"SearchAction","target":{"@type":"EntryPoint","urlTemplate":"https:\/\/colmenafuertemiel.com\/?s={search_term_string}"},"query-input":{"@type":"PropertyValueSpecification","valueRequired":true,"valueName":"search_term_string"}}],"inLanguage":"en-US"},{"@type":"Organization","@id":"https:\/\/colmenafuertemiel.com\/#organization","name":"Colmena Fuerte Miel","url":"https:\/\/colmenafuertemiel.com\/","logo":{"@type":"ImageObject","inLanguage":"en-US","@id":"https:\/\/colmenafuertemiel.com\/#\/schema\/logo\/image\/","url":"https:\/\/i0.wp.com\/colmenafuertemiel.com\/wp-content\/uploads\/2023\/04\/cropped-cropped-LOGO-COMPLETO.png?fit=1161%2C686&ssl=1","contentUrl":"https:\/\/i0.wp.com\/colmenafuertemiel.com\/wp-content\/uploads\/2023\/04\/cropped-cropped-LOGO-COMPLETO.png?fit=1161%2C686&ssl=1","width":1161,"height":686,"caption":"Colmena Fuerte Miel"},"image":{"@id":"https:\/\/colmenafuertemiel.com\/#\/schema\/logo\/image\/"}}]}},"jetpack-related-posts":[],"jetpack_sharing_enabled":true,"brands":[],"_links":{"self":[{"href":"https:\/\/colmenafuertemiel.com\/en\/wp-json\/wp\/v2\/product\/10182","targetHints":{"allow":["GET"]}}],"collection":[{"href":"https:\/\/colmenafuertemiel.com\/en\/wp-json\/wp\/v2\/product"}],"about":[{"href":"https:\/\/colmenafuertemiel.com\/en\/wp-json\/wp\/v2\/types\/product"}],"replies":[{"embeddable":true,"href":"https:\/\/colmenafuertemiel.com\/en\/wp-json\/wp\/v2\/comments?post=10182"}],"wp:featuredmedia":[{"embeddable":true,"href":"https:\/\/colmenafuertemiel.com\/en\/wp-json\/wp\/v2\/media\/10177"}],"wp:attachment":[{"href":"https:\/\/colmenafuertemiel.com\/en\/wp-json\/wp\/v2\/media?parent=10182"}],"wp:term":[{"taxonomy":"pwb-brand","embeddable":true,"href":"https:\/\/colmenafuertemiel.com\/en\/wp-json\/wp\/v2\/pwb-brand?post=10182"},{"taxonomy":"product_brand","embeddable":true,"href":"https:\/\/colmenafuertemiel.com\/en\/wp-json\/wp\/v2\/product_brand?post=10182"},{"taxonomy":"product_cat","embeddable":true,"href":"https:\/\/colmenafuertemiel.com\/en\/wp-json\/wp\/v2\/product_cat?post=10182"},{"taxonomy":"product_tag","embeddable":true,"href":"https:\/\/colmenafuertemiel.com\/en\/wp-json\/wp\/v2\/product_tag?post=10182"}],"curies":[{"name":"wp","href":"https:\/\/api.w.org\/{rel}","templated":true}]}}