{"id":10172,"date":"2023-06-30T20:47:46","date_gmt":"2023-06-30T20:47:46","guid":{"rendered":"https:\/\/colmenafuertemiel.com\/?post_type=product&#038;p=10172"},"modified":"2026-02-05T23:41:18","modified_gmt":"2026-02-06T05:41:18","slug":"propoleo-oaxaqueno-eucalipto","status":"publish","type":"product","link":"https:\/\/colmenafuertemiel.com\/en\/productos\/propoleo-oaxaqueno-eucalipto\/","title":{"rendered":"Propoleo Oaxaque\u00f1o &#8211; Eucal\u00edpto"},"content":{"rendered":"<p>Prop\u00f3leo Oaxaque\u00f1o &#8211; Con Eucal\u00edpto<br \/>\nEl prop\u00f3leo, seg\u00fan han demostrado varios estudios cient\u00edficos, posee muchas propiedades medicinales, entre las que se le reconocen: poderoso antiviral, antibi\u00f3ticas (fungicida y bacteriana), cicatrizantes, antiinflamatorias, analg\u00e9sicas, antial\u00e9rgicas, epitelizantes y anest\u00e9sicas, entre otras.<\/p>","protected":false},"excerpt":{"rendered":"<p>Prop\u00f3leo Oaxaque\u00f1o &#8211; Con Eucal\u00edpto<br \/>\nEl prop\u00f3leo, seg\u00fan han demostrado varios estudios cient\u00edficos, posee muchas propiedades medicinales, entre las que se le reconocen: poderoso antiviral, antibi\u00f3ticas (fungicida y bacteriana), cicatrizantes, antiinflamatorias, analg\u00e9sicas, antial\u00e9rgicas, epitelizantes y anest\u00e9sicas, entre otras.<\/p>","protected":false},"featured_media":10175,"comment_status":"open","ping_status":"closed","template":"","meta":{"ngg_post_thumbnail":0},"pwb-brand":[],"product_brand":[],"product_cat":[72,68],"product_tag":[],"class_list":{"0":"post-10172","1":"product","2":"type-product","3":"status-publish","4":"has-post-thumbnail","6":"product_cat-propoleo","7":"product_cat-propoleo-oaxaqueno","9":"first","10":"instock","11":"featured","12":"shipping-taxable","13":"purchasable","14":"product-type-simple"},"yoast_head":"<!-- This site is optimized with the Yoast SEO plugin v27.2 - https:\/\/yoast.com\/product\/yoast-seo-wordpress\/ -->\n<title>Propoleo Oaxaque\u00f1o - Eucal\u00edpto<\/title>\n<meta name=\"description\" content=\"El prop\u00f3leo, seg\u00fan han demostrado varios estudios cient\u00edficos, posee muchas propiedades medicinales, poderoso antiviral, antibi\u00f3tico, cicatrizante, antiinflamato, analg\u00e9sico, antial\u00e9rgico, epitelizante y anest\u00e9sicas, entre otras.\" \/>\n<meta name=\"robots\" content=\"index, follow, max-snippet:-1, max-image-preview:large, max-video-preview:-1\" \/>\n<link rel=\"canonical\" href=\"https:\/\/colmenafuertemiel.com\/en\/productos\/propoleo-oaxaqueno-eucalipto\/\" \/>\n<meta property=\"og:locale\" content=\"en_US\" \/>\n<meta property=\"og:type\" content=\"article\" \/>\n<meta property=\"og:title\" content=\"Propoleo Oaxaque\u00f1o - Eucal\u00edpto\" \/>\n<meta property=\"og:description\" content=\"El prop\u00f3leo, seg\u00fan han demostrado varios estudios cient\u00edficos, posee muchas propiedades medicinales, poderoso antiviral, antibi\u00f3tico, cicatrizante, antiinflamato, analg\u00e9sico, antial\u00e9rgico, epitelizante y anest\u00e9sicas, entre otras.\" \/>\n<meta property=\"og:url\" content=\"https:\/\/colmenafuertemiel.com\/en\/productos\/propoleo-oaxaqueno-eucalipto\/\" \/>\n<meta property=\"og:site_name\" content=\"Colmena Fuerte Miel\" \/>\n<meta property=\"article:modified_time\" content=\"2026-02-06T05:41:18+00:00\" \/>\n<meta property=\"og:image\" content=\"https:\/\/i0.wp.com\/colmenafuertemiel.com\/wp-content\/uploads\/2023\/06\/Capa-5.png?fit=526%2C608&ssl=1\" \/>\n\t<meta property=\"og:image:width\" content=\"526\" \/>\n\t<meta property=\"og:image:height\" content=\"608\" \/>\n\t<meta property=\"og:image:type\" content=\"image\/png\" \/>\n<meta name=\"twitter:card\" content=\"summary_large_image\" \/>\n<meta name=\"twitter:label1\" content=\"Est. reading time\" \/>\n\t<meta name=\"twitter:data1\" content=\"1 minute\" \/>\n<script type=\"application\/ld+json\" class=\"yoast-schema-graph\">{\"@context\":\"https:\/\/schema.org\",\"@graph\":[{\"@type\":\"WebPage\",\"@id\":\"https:\/\/colmenafuertemiel.com\/productos\/propoleo-oaxaqueno-eucalipto\/\",\"url\":\"https:\/\/colmenafuertemiel.com\/productos\/propoleo-oaxaqueno-eucalipto\/\",\"name\":\"Propoleo Oaxaque\u00f1o - Eucal\u00edpto\",\"isPartOf\":{\"@id\":\"https:\/\/colmenafuertemiel.com\/#website\"},\"primaryImageOfPage\":{\"@id\":\"https:\/\/colmenafuertemiel.com\/productos\/propoleo-oaxaqueno-eucalipto\/#primaryimage\"},\"image\":{\"@id\":\"https:\/\/colmenafuertemiel.com\/productos\/propoleo-oaxaqueno-eucalipto\/#primaryimage\"},\"thumbnailUrl\":\"https:\/\/i0.wp.com\/colmenafuertemiel.com\/wp-content\/uploads\/2023\/06\/Capa-5.png?fit=526%2C608&ssl=1\",\"datePublished\":\"2023-06-30T20:47:46+00:00\",\"dateModified\":\"2026-02-06T05:41:18+00:00\",\"description\":\"El prop\u00f3leo, seg\u00fan han demostrado varios estudios cient\u00edficos, posee muchas propiedades medicinales, poderoso antiviral, antibi\u00f3tico, cicatrizante, antiinflamato, analg\u00e9sico, antial\u00e9rgico, epitelizante y anest\u00e9sicas, entre otras.\",\"breadcrumb\":{\"@id\":\"https:\/\/colmenafuertemiel.com\/productos\/propoleo-oaxaqueno-eucalipto\/#breadcrumb\"},\"inLanguage\":\"en-US\",\"potentialAction\":[{\"@type\":\"ReadAction\",\"target\":[\"https:\/\/colmenafuertemiel.com\/productos\/propoleo-oaxaqueno-eucalipto\/\"]}]},{\"@type\":\"ImageObject\",\"inLanguage\":\"en-US\",\"@id\":\"https:\/\/colmenafuertemiel.com\/productos\/propoleo-oaxaqueno-eucalipto\/#primaryimage\",\"url\":\"https:\/\/i0.wp.com\/colmenafuertemiel.com\/wp-content\/uploads\/2023\/06\/Capa-5.png?fit=526%2C608&ssl=1\",\"contentUrl\":\"https:\/\/i0.wp.com\/colmenafuertemiel.com\/wp-content\/uploads\/2023\/06\/Capa-5.png?fit=526%2C608&ssl=1\",\"width\":526,\"height\":608},{\"@type\":\"BreadcrumbList\",\"@id\":\"https:\/\/colmenafuertemiel.com\/productos\/propoleo-oaxaqueno-eucalipto\/#breadcrumb\",\"itemListElement\":[{\"@type\":\"ListItem\",\"position\":1,\"name\":\"Inicio\",\"item\":\"https:\/\/colmenafuertemiel.com\/\"},{\"@type\":\"ListItem\",\"position\":2,\"name\":\"Productos\",\"item\":\"https:\/\/colmenafuertemiel.com\/productos\/\"},{\"@type\":\"ListItem\",\"position\":3,\"name\":\"Propoleo Oaxaque\u00f1o &#8211; Eucal\u00edpto\"}]},{\"@type\":\"WebSite\",\"@id\":\"https:\/\/colmenafuertemiel.com\/#website\",\"url\":\"https:\/\/colmenafuertemiel.com\/\",\"name\":\"Colmena Fuerte Miel\",\"description\":\"Lo m\u00e1s dulce de la vida\",\"publisher\":{\"@id\":\"https:\/\/colmenafuertemiel.com\/#organization\"},\"potentialAction\":[{\"@type\":\"SearchAction\",\"target\":{\"@type\":\"EntryPoint\",\"urlTemplate\":\"https:\/\/colmenafuertemiel.com\/?s={search_term_string}\"},\"query-input\":{\"@type\":\"PropertyValueSpecification\",\"valueRequired\":true,\"valueName\":\"search_term_string\"}}],\"inLanguage\":\"en-US\"},{\"@type\":\"Organization\",\"@id\":\"https:\/\/colmenafuertemiel.com\/#organization\",\"name\":\"Colmena Fuerte Miel\",\"url\":\"https:\/\/colmenafuertemiel.com\/\",\"logo\":{\"@type\":\"ImageObject\",\"inLanguage\":\"en-US\",\"@id\":\"https:\/\/colmenafuertemiel.com\/#\/schema\/logo\/image\/\",\"url\":\"https:\/\/i0.wp.com\/colmenafuertemiel.com\/wp-content\/uploads\/2023\/04\/cropped-cropped-LOGO-COMPLETO.png?fit=1161%2C686&ssl=1\",\"contentUrl\":\"https:\/\/i0.wp.com\/colmenafuertemiel.com\/wp-content\/uploads\/2023\/04\/cropped-cropped-LOGO-COMPLETO.png?fit=1161%2C686&ssl=1\",\"width\":1161,\"height\":686,\"caption\":\"Colmena Fuerte Miel\"},\"image\":{\"@id\":\"https:\/\/colmenafuertemiel.com\/#\/schema\/logo\/image\/\"}}]}<\/script>\n<!-- \/ Yoast SEO plugin. -->","yoast_head_json":{"title":"Propoleo Oaxaque\u00f1o - Eucal\u00edpto","description":"El prop\u00f3leo, seg\u00fan han demostrado varios estudios cient\u00edficos, posee muchas propiedades medicinales, poderoso antiviral, antibi\u00f3tico, cicatrizante, antiinflamato, analg\u00e9sico, antial\u00e9rgico, epitelizante y anest\u00e9sicas, entre otras.","robots":{"index":"index","follow":"follow","max-snippet":"max-snippet:-1","max-image-preview":"max-image-preview:large","max-video-preview":"max-video-preview:-1"},"canonical":"https:\/\/colmenafuertemiel.com\/en\/productos\/propoleo-oaxaqueno-eucalipto\/","og_locale":"en_US","og_type":"article","og_title":"Propoleo Oaxaque\u00f1o - Eucal\u00edpto","og_description":"El prop\u00f3leo, seg\u00fan han demostrado varios estudios cient\u00edficos, posee muchas propiedades medicinales, poderoso antiviral, antibi\u00f3tico, cicatrizante, antiinflamato, analg\u00e9sico, antial\u00e9rgico, epitelizante y anest\u00e9sicas, entre otras.","og_url":"https:\/\/colmenafuertemiel.com\/en\/productos\/propoleo-oaxaqueno-eucalipto\/","og_site_name":"Colmena Fuerte Miel","article_modified_time":"2026-02-06T05:41:18+00:00","og_image":[{"width":526,"height":608,"url":"https:\/\/i0.wp.com\/colmenafuertemiel.com\/wp-content\/uploads\/2023\/06\/Capa-5.png?fit=526%2C608&ssl=1","type":"image\/png"}],"twitter_card":"summary_large_image","twitter_misc":{"Est. reading time":"1 minute"},"schema":{"@context":"https:\/\/schema.org","@graph":[{"@type":"WebPage","@id":"https:\/\/colmenafuertemiel.com\/productos\/propoleo-oaxaqueno-eucalipto\/","url":"https:\/\/colmenafuertemiel.com\/productos\/propoleo-oaxaqueno-eucalipto\/","name":"Propoleo Oaxaque\u00f1o - Eucal\u00edpto","isPartOf":{"@id":"https:\/\/colmenafuertemiel.com\/#website"},"primaryImageOfPage":{"@id":"https:\/\/colmenafuertemiel.com\/productos\/propoleo-oaxaqueno-eucalipto\/#primaryimage"},"image":{"@id":"https:\/\/colmenafuertemiel.com\/productos\/propoleo-oaxaqueno-eucalipto\/#primaryimage"},"thumbnailUrl":"https:\/\/i0.wp.com\/colmenafuertemiel.com\/wp-content\/uploads\/2023\/06\/Capa-5.png?fit=526%2C608&ssl=1","datePublished":"2023-06-30T20:47:46+00:00","dateModified":"2026-02-06T05:41:18+00:00","description":"El prop\u00f3leo, seg\u00fan han demostrado varios estudios cient\u00edficos, posee muchas propiedades medicinales, poderoso antiviral, antibi\u00f3tico, cicatrizante, antiinflamato, analg\u00e9sico, antial\u00e9rgico, epitelizante y anest\u00e9sicas, entre otras.","breadcrumb":{"@id":"https:\/\/colmenafuertemiel.com\/productos\/propoleo-oaxaqueno-eucalipto\/#breadcrumb"},"inLanguage":"en-US","potentialAction":[{"@type":"ReadAction","target":["https:\/\/colmenafuertemiel.com\/productos\/propoleo-oaxaqueno-eucalipto\/"]}]},{"@type":"ImageObject","inLanguage":"en-US","@id":"https:\/\/colmenafuertemiel.com\/productos\/propoleo-oaxaqueno-eucalipto\/#primaryimage","url":"https:\/\/i0.wp.com\/colmenafuertemiel.com\/wp-content\/uploads\/2023\/06\/Capa-5.png?fit=526%2C608&ssl=1","contentUrl":"https:\/\/i0.wp.com\/colmenafuertemiel.com\/wp-content\/uploads\/2023\/06\/Capa-5.png?fit=526%2C608&ssl=1","width":526,"height":608},{"@type":"BreadcrumbList","@id":"https:\/\/colmenafuertemiel.com\/productos\/propoleo-oaxaqueno-eucalipto\/#breadcrumb","itemListElement":[{"@type":"ListItem","position":1,"name":"Inicio","item":"https:\/\/colmenafuertemiel.com\/"},{"@type":"ListItem","position":2,"name":"Productos","item":"https:\/\/colmenafuertemiel.com\/productos\/"},{"@type":"ListItem","position":3,"name":"Propoleo Oaxaque\u00f1o &#8211; Eucal\u00edpto"}]},{"@type":"WebSite","@id":"https:\/\/colmenafuertemiel.com\/#website","url":"https:\/\/colmenafuertemiel.com\/","name":"Colmena Fuerte Miel","description":"Lo m\u00e1s dulce de la vida","publisher":{"@id":"https:\/\/colmenafuertemiel.com\/#organization"},"potentialAction":[{"@type":"SearchAction","target":{"@type":"EntryPoint","urlTemplate":"https:\/\/colmenafuertemiel.com\/?s={search_term_string}"},"query-input":{"@type":"PropertyValueSpecification","valueRequired":true,"valueName":"search_term_string"}}],"inLanguage":"en-US"},{"@type":"Organization","@id":"https:\/\/colmenafuertemiel.com\/#organization","name":"Colmena Fuerte Miel","url":"https:\/\/colmenafuertemiel.com\/","logo":{"@type":"ImageObject","inLanguage":"en-US","@id":"https:\/\/colmenafuertemiel.com\/#\/schema\/logo\/image\/","url":"https:\/\/i0.wp.com\/colmenafuertemiel.com\/wp-content\/uploads\/2023\/04\/cropped-cropped-LOGO-COMPLETO.png?fit=1161%2C686&ssl=1","contentUrl":"https:\/\/i0.wp.com\/colmenafuertemiel.com\/wp-content\/uploads\/2023\/04\/cropped-cropped-LOGO-COMPLETO.png?fit=1161%2C686&ssl=1","width":1161,"height":686,"caption":"Colmena Fuerte Miel"},"image":{"@id":"https:\/\/colmenafuertemiel.com\/#\/schema\/logo\/image\/"}}]}},"jetpack-related-posts":[],"jetpack_sharing_enabled":true,"brands":[],"_links":{"self":[{"href":"https:\/\/colmenafuertemiel.com\/en\/wp-json\/wp\/v2\/product\/10172","targetHints":{"allow":["GET"]}}],"collection":[{"href":"https:\/\/colmenafuertemiel.com\/en\/wp-json\/wp\/v2\/product"}],"about":[{"href":"https:\/\/colmenafuertemiel.com\/en\/wp-json\/wp\/v2\/types\/product"}],"replies":[{"embeddable":true,"href":"https:\/\/colmenafuertemiel.com\/en\/wp-json\/wp\/v2\/comments?post=10172"}],"wp:featuredmedia":[{"embeddable":true,"href":"https:\/\/colmenafuertemiel.com\/en\/wp-json\/wp\/v2\/media\/10175"}],"wp:attachment":[{"href":"https:\/\/colmenafuertemiel.com\/en\/wp-json\/wp\/v2\/media?parent=10172"}],"wp:term":[{"taxonomy":"pwb-brand","embeddable":true,"href":"https:\/\/colmenafuertemiel.com\/en\/wp-json\/wp\/v2\/pwb-brand?post=10172"},{"taxonomy":"product_brand","embeddable":true,"href":"https:\/\/colmenafuertemiel.com\/en\/wp-json\/wp\/v2\/product_brand?post=10172"},{"taxonomy":"product_cat","embeddable":true,"href":"https:\/\/colmenafuertemiel.com\/en\/wp-json\/wp\/v2\/product_cat?post=10172"},{"taxonomy":"product_tag","embeddable":true,"href":"https:\/\/colmenafuertemiel.com\/en\/wp-json\/wp\/v2\/product_tag?post=10172"}],"curies":[{"name":"wp","href":"https:\/\/api.w.org\/{rel}","templated":true}]}}